{"id":1352,"date":"2021-02-25T18:26:53","date_gmt":"2021-02-25T09:26:53","guid":{"rendered":"https:\/\/rpv.shin-test3.net\/?page_id=1352"},"modified":"2025-11-20T15:19:33","modified_gmt":"2025-11-20T06:19:33","slug":"facility","status":"publish","type":"page","link":"https:\/\/rpv.shin-test3.net\/de\/facility\/","title":{"rendered":"Ausr\u00fcstung"},"content":{"rendered":"<section>\n<div class=\"content\">\n<h3>R\u00f6ntgen-CT Toshiba IT Controls Ltd.<\/h3>\n<div class=\"facility facility--two\">\n<div class=\"facility-item\">\n\t\t\t\t<span>230kv<br \/>Hochaufl\u00f6sender Mikrofokus-CT-Scanner<\/span><\/p>\n<div class=\"youtube youtube--image\">\n<br \/>\n<br \/>\n<br \/>\n<img loading=\"lazy\" decoding=\"async\" src=\"https:\/\/rpv.shin-test3.net\/wp-content\/uploads\/2025\/11\/facility_img02_de-460x344.png\" alt=\"\" width=\"460\" height=\"344\" class=\"alignnone size-medium wp-image-1442 colorbox-1352\" \/><br \/>\n<br \/>\n\t\t\t\t  <iframe loading=\"lazy\" width=\"560\" height=\"315\" src=\"https:\/\/www.youtube.com\/embed\/lb1KmDMkXzw\" title=\"YouTube-Video-Player\" frameborder=\"0\" allow=\"accelerometer; autoplay; clipboard-write; encrypted-media; gyroscope; picture-in-picture\" allowfullscreen><\/iframe>\n\t\t\t\t<\/div>\n<p>TOSCANER-32300\u03bcFD modifiziert (RPV-Modell)<br \/>\n\t\t\t\t16\" Flachbildschirm (Sonderanfertigung)<br \/>\n\t\t\t\tScanbereich: \u03a6500 x 700 mm.<\/p>\n<p>F\u00fcr einen Mikrofokus-CT-Scanner hat er einen gr\u00f6\u00dferen Scanbereich.<br \/>\nAuch relativ gro\u00dfe Werkst\u00fccke k\u00f6nnen gescannt werden.<\/p>\n<\/p><\/div>\n<div class=\"facility-item\">\n\t\t\t\t<span>450 KV<br \/>Industrieller CT-Scanner<\/span><\/p>\n<div class=\"youtube youtube--image\">\n<br \/>\n<br \/>\n<br \/>\n<img loading=\"lazy\" decoding=\"async\" src=\"https:\/\/rpv.shin-test3.net\/wp-content\/uploads\/2025\/11\/facility_img01_de-460x344.png\" alt=\"\" width=\"460\" height=\"344\" class=\"alignnone size-medium wp-image-1444 colorbox-1352\" \/><br \/>\n<br \/>\n\t\t\t  \t<iframe loading=\"lazy\" width=\"560\" height=\"315\" src=\"https:\/\/www.youtube.com\/embed\/hbLz9Wr5G5s\" title=\"YouTube-Video-Player\" frameborder=\"0\" allow=\"accelerometer; autoplay; clipboard-write; encrypted-media; gyroscope; picture-in-picture\" allowfullscreen><\/iframe>\n\t\t\t  <\/div>\n<p>TOSCANER-24500twin FD modifiziert (RPV-Modell)<br \/>\n\t\t\t\tMultifunktionsmaschine mit zwei Zeilensensoren und einem 16-Zoll-Flachbildschirm (Sonderanfertigung)<br \/>\n\t\t\t\tAbtastbereich: \u03a6600 x 800 mm<\/p>\n<p>Speziell f\u00fcr das Reverse Engineering entwickelter CT-Scanner.<br \/>Es k\u00f6nnen nun detailliertere 3D-Daten als je zuvor gewonnen werden.<br \/>Auch die inneren Verh\u00e4ltnisse k\u00f6nnen genauer beobachtet werden.<\/p>\n<\/p><\/div>\n<\/p><\/div>\n<h3>Optischer 3D-Scanner, hergestellt von GOM<\/h3>\n<div class=\"facility facility--two\">\n<div class=\"facility-item\">\n\t\t\t\t<span>ATOS Kern 500<\/span><br \/>\n\t\t\t\t<img class=\"colorbox-1352\"  decoding=\"async\" src=\"\/assets\/images\/facility_img03.jpg\"\n\t\t\t\t\tsrcset=\"\/assets\/images\/facility_img03@2x.jpg 2x,\t\t\t\t\t\/assets\/images\/facility_img03.jpg 1x\"\n\t\t\t\t>\n\t\t\t<\/div>\n<div class=\"facility-item\">\n\t\t\t\t<span>ATOS Kern 135<\/span><br \/>\n\t\t\t\t<img class=\"colorbox-1352\"  decoding=\"async\" src=\"\/assets\/images\/facility_img04.jpg\"\n\t\t\t\t\tsrcset=\"\/assets\/images\/facility_img04@2x.jpg 2x,\t\t\t\t\t\/assets\/images\/facility_img04.jpg 1x\"\n\t\t\t\t>\n\t\t\t<\/div>\n<\/p><\/div>\n<\/p><\/div>\n<\/section>","protected":false},"excerpt":{"rendered":"<p>\u2169\u7ddaCT \u6771\u829dIT\u30b3\u30f3\u30c8\u30ed\u30fc\u30eb\u793e\u88fd 230kv\u9ad8\u5206\u89e3\u80fd\u30de\u30a4\u30af\u30ed\u30d5\u30a9\u30fc\u30ab\u30b9CT\u30b9\u30ad\u30e3\u30ca TOSCANER-32300\u03bcFD \u6539\uff08RPV\u30e2\u30c7\u30eb\uff09 16\u30a4\u30f3\u30c1\u30d5\u30e9\u30c3\u30c8\u30d1\u30cd\u30eb\uff08\u7279\u6ce8\u54c1\uff09 \u30b9\u30ad\u30e3\u30f3\u30a8\u30ea\u30a2\uff1a\u03a6500\u00d7700mm \u30de\u30a4&#8230;<\/p>","protected":false},"author":1,"featured_media":0,"parent":0,"menu_order":0,"comment_status":"closed","ping_status":"closed","template":"","meta":{"footnotes":""},"class_list":["post-1352","page","type-page","status-publish","hentry"],"_links":{"self":[{"href":"https:\/\/rpv.shin-test3.net\/de\/wp-json\/wp\/v2\/pages\/1352","targetHints":{"allow":["GET"]}}],"collection":[{"href":"https:\/\/rpv.shin-test3.net\/de\/wp-json\/wp\/v2\/pages"}],"about":[{"href":"https:\/\/rpv.shin-test3.net\/de\/wp-json\/wp\/v2\/types\/page"}],"author":[{"embeddable":true,"href":"https:\/\/rpv.shin-test3.net\/de\/wp-json\/wp\/v2\/users\/1"}],"replies":[{"embeddable":true,"href":"https:\/\/rpv.shin-test3.net\/de\/wp-json\/wp\/v2\/comments?post=1352"}],"version-history":[{"count":0,"href":"https:\/\/rpv.shin-test3.net\/de\/wp-json\/wp\/v2\/pages\/1352\/revisions"}],"wp:attachment":[{"href":"https:\/\/rpv.shin-test3.net\/de\/wp-json\/wp\/v2\/media?parent=1352"}],"curies":[{"name":"wp","href":"https:\/\/api.w.org\/{rel}","templated":true}]}}