{"id":4,"date":"2016-01-04T18:10:56","date_gmt":"2016-01-04T09:10:56","guid":{"rendered":"https:\/\/rpv.shin-test3.net\/?page_id=4"},"modified":"2025-03-05T14:56:44","modified_gmt":"2025-03-05T05:56:44","slug":"company","status":"publish","type":"page","link":"https:\/\/rpv.shin-test3.net\/de\/company\/","title":{"rendered":"\u00dcber uns"},"content":{"rendered":"<section>\n<h2>Profil des Unternehmens<\/h2>\n<div class=\"content\">\n<table class=\"profile\">\n<tbody>\n<tr>\n<th>Name des Unternehmens<\/th>\n<td>RPV Gesellschaft.<\/td>\n<\/tr>\n<tr>\n<th>B\u00fcro Otsu<\/th>\n<td>275-2, Muro, Otsu-cho, Kikuchi-gun, Kumamoto 869-1235, Japan<br \/>Tel. 096-273-9537<br \/>[Bez\u00fcglich des Verkaufs per Telefon].<br \/>Wir akzeptieren keine telefonischen Verkaufsgespr\u00e4che f\u00fcr unser Unternehmen.<\/td>\n<\/tr>\n<tr>\n<th>mail (\u00fcblicherweise in S\u00e4tzen und zusammengesetzten W\u00f6rtern)<\/th>\n<td>info\u25b2rpv\u25bcco\u25bcjp<br \/><small>*Ersetzen Sie das '\u25b2'-Zeichen oben durch das '@'-Zeichen.<br \/>*Das obige Symbol \"\u25bc\" sollte durch das Symbol \".\" ersetzt werden. Symbole durch \".\" ersetzt werden.<\/small><br \/>[\u00dcber Verk\u00e4ufe aus der Mail].<br \/>Wir akzeptieren keine Verkaufsargumente aus E-Mails an uns.<\/td>\n<\/tr>\n<tr>\n<th>repr\u00e4sentativer Direktor (d.h. jemand, der vom Verwaltungsrat aus den Reihen der Direktoren ausgew\u00e4hlt wird, um die Gesellschaft zu vertreten)<\/th>\n<td>Kazuo Mishima<\/td>\n<\/tr>\n<tr>\n<th>Grundkapital<\/th>\n<td>10 Millionen.<\/td>\n<\/tr>\n<tr>\n<th>Niederlassung (eines Unternehmens, etc.)<\/th>\n<td>2006 (April).<\/td>\n<\/tr>\n<tr>\n<th>Einrichtung<\/th>\n<td>2015 (Juli).<\/td>\n<\/tr>\n<tr>\n<th>Wichtigste Dienstleistungen<\/th>\n<td>Die folgenden Vertragsdienstleister nutzen R\u00f6ntgen-CT<br \/>(i) Zerst\u00f6rungsfreie Pr\u00fcfung und 3D-Analyse.<br \/>(ii) Reverse Engineering der inneren Struktur.<\/td>\n<\/tr>\n<\/tbody>\n<\/table><\/div>\n<\/section>\n<section>\n<h2>Zugangskarte<\/h2>\n<div class=\"content\">\n<div class=\"map\">\n\t\t\t<iframe src=\"https:\/\/www.google.com\/maps\/embed?pb=!1m14!1m8!1m3!1d3076.3618916379974!2d130.8676825703919!3d32.87375140307713!3m2!1i1024!2i768!4f20!3m3!1m2!1s0x0%3A0xb344f5b34a40a9fb!2z44ixUlBW!5e0!3m2!1sja!2sjp!4v1616379408433!5m2!1sja!2sjp\" width=\"960\" height=\"500\" style=\"border:0;\" allowfullscreen=\"\" loading=\"lazy\"><\/iframe><br \/>\n\t\t\t\n\t\t<\/div>\n<div class=\"map-image\">\n\t\t\t<img class=\"colorbox-4\"  decoding=\"async\" src=\"\/assets\/images\/unternehmensgebaeude.jpg\"\n\t\t\t\tsrcset=\"\" data-srcset=\"\"\n\t\t\t>\n\t\t<\/div>\n<section class=\"access-info\">\n<h3>Wenn Sie mit dem Flugzeug anreisen<\/h3>\n<div class=\"access-image\">\n\t\t\t<img class=\"colorbox-4\"  decoding=\"async\" src=\"\/assets\/images\/unternehmen_luft.svgz\" alt=\"\">\n\t\t\t<\/div>\n<table class=\"profile\" >\n<tbody>\n<tr>\n<th>Informationen \u00fcber den Zugang zum Verkehr<\/th>\n<td>15 Minuten Fahrt vom Flughafen Aso Kumamoto.<br \/>Vom Flughafen Aso Kumamoto, ca. 15 Minuten mit dem Airport Liner, ca. 5 Minuten Fu\u00dfweg vom Bahnhof Higo Otsu.<\/td>\n<\/tr>\n<\/tbody>\n<\/table>\n<div class=\"profile-note\"><a href=\"https:\/\/kukouliner.com\/\" target=\"_blank\" rel=\"noopener noreferrer\">Airport Liner (kostenloser Pendelbus)<\/a><\/div>\n<\/section>\n<section class=\"access-info\">\n<h3>Wenn Sie mit dem Shinkansen anreisen<\/h3>\n<div class=\"access-image\">\n\t\t\t<img class=\"colorbox-4\"  decoding=\"async\" src=\"\/assets\/images\/Unternehmen_Ausbildung.svgz\" alt=\"\">\n\t\t\t<\/div>\n<table class=\"profile\" >\n<tbody>\n<tr>\n<th>Informationen \u00fcber den Zugang zum Verkehr<\/th>\n<td>Etwa 40 Minuten mit der JR Hohi Honsen Line vom Bahnhof Kumamoto, 5 Minuten Fu\u00dfweg vom Bahnhof Higo Otsu.<\/td>\n<\/tr>\n<\/tbody>\n<\/table>\n<\/section><\/div>\n<\/section>\n<section>\n<h2>Gr\u00fc\u00dfe vom Pr\u00e4sidenten<\/h2>\n<div class=\"content\">\n<div class=\"greeting\">\n<div class=\"greeting-image\">\n\t\t\t<img class=\"colorbox-4\"  decoding=\"async\" src=\"\/assets\/images\/unternehmen_gruss.jpg\"\n\t\t\t\tsrcset=\"\" data-srcset=\"\">\n\t\t\t<\/div>\n<div class=\"greeting-message\">\n<p>In den letzten Jahren haben Industrieprodukte, wie z. B. Automobile, eine schwindelerregende Entwicklung durchgemacht, wobei Computersimulationen die Produktentwicklung beschleunigen, und in der Luft- und Raumfahrtindustrie werden Teile direkt mit 3D-Druckern hergestellt.<\/p>\n<p>RPV sieht einer solchen innovativen Zukunft mit einer rasanten Entwicklung der digitalen Fertigung entgegen und hat es sich zur obersten Priorit\u00e4t gemacht, seinen Kunden die neuesten technischen Dienstleistungen zur Verf\u00fcgung zu stellen, um sie zu begleiten und zufrieden zu stellen, und wird sein Bestes tun, um sich gemeinsam mit seinen Kunden weiterzuentwickeln.<\/p>\n<div class=\"greeting-name\">repr\u00e4sentativer Direktor (d.h. jemand, der vom Verwaltungsrat aus den Reihen der Direktoren ausgew\u00e4hlt wird, um die Gesellschaft zu vertreten)<span>Kazuo Mishima<\/span><\/div>\n<\/p><\/div>\n<\/p><\/div>\n<\/p><\/div>\n<\/section>","protected":false},"excerpt":{"rendered":"<p>\u4f1a\u793e\u6982\u8981 \u793e\u540d \u682a\u5f0f\u4f1a\u793eRPV \u5927\u6d25\u4e8b\u696d\u6240 \u3012869-1235\u3000\u718a\u672c\u770c\u83ca\u6c60\u90e1\u5927\u6d25\u753a\u5ba4275\u756a2TEL.096-273-9537\u3010\u96fb\u8a71\u3067\u306e\u55b6\u696d\u306b\u3064\u3044\u3066\u3011\u5f0a\u793e\u3078\u306e\u96fb\u8a71\u3067\u306e\u58f2\u308a\u8fbc\u307f\u306f\u4e00\u5207\u304a\u65ad\u308a\u3057\u3066\u3044\u307e\u3059\u3002 \u30e1\u30fc\u30eb &#x69;&#8230;<\/p>","protected":false},"author":1,"featured_media":0,"parent":0,"menu_order":20,"comment_status":"closed","ping_status":"closed","template":"","meta":{"footnotes":""},"class_list":["post-4","page","type-page","status-publish","hentry"],"_links":{"self":[{"href":"https:\/\/rpv.shin-test3.net\/de\/wp-json\/wp\/v2\/pages\/4","targetHints":{"allow":["GET"]}}],"collection":[{"href":"https:\/\/rpv.shin-test3.net\/de\/wp-json\/wp\/v2\/pages"}],"about":[{"href":"https:\/\/rpv.shin-test3.net\/de\/wp-json\/wp\/v2\/types\/page"}],"author":[{"embeddable":true,"href":"https:\/\/rpv.shin-test3.net\/de\/wp-json\/wp\/v2\/users\/1"}],"replies":[{"embeddable":true,"href":"https:\/\/rpv.shin-test3.net\/de\/wp-json\/wp\/v2\/comments?post=4"}],"version-history":[{"count":0,"href":"https:\/\/rpv.shin-test3.net\/de\/wp-json\/wp\/v2\/pages\/4\/revisions"}],"wp:attachment":[{"href":"https:\/\/rpv.shin-test3.net\/de\/wp-json\/wp\/v2\/media?parent=4"}],"curies":[{"name":"wp","href":"https:\/\/api.w.org\/{rel}","templated":true}]}}