{"id":696,"date":"2018-04-05T17:14:13","date_gmt":"2018-04-05T08:14:13","guid":{"rendered":"https:\/\/rpv.shin-test3.net\/?page_id=696"},"modified":"2022-03-10T10:05:41","modified_gmt":"2022-03-10T01:05:41","slug":"work-flow","status":"publish","type":"page","link":"https:\/\/rpv.shin-test3.net\/de\/work-flow\/","title":{"rendered":"Auftragsprozess"},"content":{"rendered":"<section>\n<h2> <\/h2>\n<div class=\"content\">\n<p>Wir werden Ihnen den besten Vorschlag f\u00fcr Ihre Beratung machen.<br \/>Bitte nehmen Sie zun\u00e4chst Kontakt mit uns auf.<\/p>\n<div class=\"work-flow-block\">\n<section class=\"work-flow-area\">\n<h2 class=\"work-flow-area__heading\">Anfrage<\/h2>\n<div class=\"work-flow-area__content\">\n<p>Bitte kontaktieren Sie uns oder stellen Sie eine Anfrage per Telefon, E-Mail oder \u00fcber das Kontaktformular auf unserer Website.<\/p>\n<p><strong>Wenn m\u00f6glich, w\u00e4re es hilfreich, wenn Sie uns Produktinformationen (Gr\u00f6\u00dfe, Material, Fotos, Zeichnungen usw.) per E-Mail zukommen lassen k\u00f6nnten.<\/strong><\/p>\n<p>Es k\u00f6nnen auch nur die vom Kunden mit dem R\u00f6ntgen-CT aufgenommenen Daten zur Analyse angefordert werden.<\/p>\n<div class=\"contactbox\">\n<div class=\"contact-methods\">\n              <a href=\"tel:0962739537\" class=\"tel\">Tel. 096-273-9537<\/a><br \/>\n              <a href=\"https:\/\/rpv.shin-test3.net\/de\/contact\/\" class=\"btn btn-contact\">Kontaktieren Sie uns \u00fcber das Anfrageformular hier.<\/a>\n            <\/div>\n<p>info\u25b2rpv\u25bcco\u25bcjp<br \/><small>*Ersetzen Sie das '\u25b2'-Zeichen oben durch das '@'-Zeichen.<br \/>*Das obige Symbol \"\u25bc\" sollte durch das Symbol \".\" ersetzt werden. Symbole durch \".\" ersetzt werden.<\/small><\/p>\n<\/p><\/div>\n<\/p><\/div>\n<\/section>\n<section class=\"work-flow-area\">\n<h2 class=\"work-flow-area__heading\">Diskussion \u00fcber den Antrag<\/h2>\n<div class=\"work-flow-area__content\">\n<ul>\n<li>Betrachtung des Innenraums mit R\u00f6ntgen-CT, 3D-Analyse von Defekten.<\/li>\n<li>Erstellung von 3D-Modellen (STL-Daten)<\/li>\n<li>STL-Daten \u2192 CAD-Konvertierung<\/li>\n<li>Daten f\u00fcr CAE (Computersimulation).<\/li>\n<\/ul><\/div>\n<\/section>\n<section class=\"work-flow-area\">\n<h2 class=\"work-flow-area__heading\">Arbeitsaufteilung und Kostenvoranschlag f\u00fcr den Antrag<\/h2>\n<div class=\"work-flow-area__content\">\n<ul>\n<li>Typ des R\u00f6ntgen-CT-Scanners (230kV oder 450kV)<\/li>\n<li>230 kv: nur FPD.<\/li>\n<li>450 KV: FPD oder Zeilensensor<\/li>\n<li>Optischer 3D-Scanner<\/li>\n<\/ul><\/div>\n<\/section>\n<section class=\"work-flow-area\">\n<h2 class=\"work-flow-area__heading\">funktionierende Umsetzung<\/h2>\n<div class=\"work-flow-area__content\">\n<ul>\n<li>CT-Untersuchung mit R\u00f6ntgen-CT-Scanner<\/li>\n<li>Erstellung von Daten, die der Anfrage entsprechen, aus CT-Daten.<\/li>\n<\/ul><\/div>\n<\/section>\n<section class=\"work-flow-area\">\n<h2 class=\"work-flow-area__heading\">Lieferung von Waren<\/h2>\n<div class=\"work-flow-area__content\">\n<ul>\n<li>R\u00fccksendung der Produkte und Lieferung der Daten per Kurierdienst<\/li>\n<\/ul>\n<p>Wenn Sie es eilig haben, kann die Lieferung per Online-Speicher erfolgen.<br \/>Bei gro\u00dfen Bestellmengen k\u00f6nnen die Lieferzeiten variieren. In solchen F\u00e4llen erfolgt die Lieferung erst nach Vereinbarung einer Priorit\u00e4tenliste.<br \/>Bitte kontaktieren Sie uns wegen einer Expresslieferung.<br \/>Beispiele f\u00fcr lieferbare Daten finden Sie auf den Seiten der einzelnen Dienste.<\/p>\n<ul class=\"service-link\">\n    <li class=\"service-link__item\">\n    <a href=\"https:\/\/rpv.shin-test3.net\/de\/service\/reverse-engineering\/\" class=\"service-link__link\">\n      <div class=\"service-link__title\">R\u00f6ntgen-CT-Reverse-Engineering-Dienstleistungen.<\/div>\n      <div class=\"service-link__btn\">Klicken Sie hier f\u00fcr die Service-Seite<\/div>\n    <\/a>\n  <\/li>\n    <li class=\"service-link__item\">\n    <a href=\"https:\/\/rpv.shin-test3.net\/de\/service\/x-ray-scan\/\" class=\"service-link__link\">\n      <div class=\"service-link__title\">R\u00f6ntgen-CT-3D-Visualisierungsdienst.<\/div>\n      <div class=\"service-link__btn\">Klicken Sie hier f\u00fcr die Service-Seite<\/div>\n    <\/a>\n  <\/li>\n  <\/ul>\n<\/div>\n<\/section>\n<section class=\"work-flow-area\">\n<h2 class=\"work-flow-area__heading\">Service nach dem Verkauf<\/h2>\n<div class=\"work-flow-area__content\">\n<p>Wir werden Ihre Fragen und Meinungen per Telefon oder E-Mail entgegennehmen.<\/p>\n<p>Je nach Art der Arbeit k\u00f6nnen wir den Standort des Kunden besuchen oder Sekund\u00e4rarbeiten vorschlagen.<\/p>\n<\/p><\/div>\n<\/section><\/div>\n<\/p><\/div>\n<\/section>","protected":false},"excerpt":{"rendered":"<p>\u304a\u5ba2\u69d8\u306e\u3054\u76f8\u8ac7\u306b\u5408\u308f\u305b\u305f\u6700\u9069\u306a\u63d0\u6848\u3092\u3055\u305b\u3066\u3044\u305f\u3060\u304d\u307e\u3059\u3002\u307e\u305a\u306f\u304a\u6c17\u8efd\u306b\u3054\u76f8\u8ac7\u304f\u3060\u3055\u3044\u3002 \u304a\u554f\u3044\u5408\u308f\u305b \u96fb\u8a71\u30fb\u30e1\u30fc\u30eb\u3001HP\u306e\u304a\u554f\u3044\u5408\u308f\u305b\u30d5\u30a9\u30fc\u30e0\u3088\u308a\u304a\u554f\u3044\u5408\u308f\u305b\u30fb\u3054\u4f9d\u983c\u4e0b\u3055\u3044\u3002 \u53ef\u80fd\u3067\u3057\u305f\u3089\u30e1\u30fc\u30eb\u306b\u3066\u88fd\u54c1\u306e\u8cc7\u6599\uff08\u5927\u304d\u3055\u30fb\u6750&#8230;<\/p>","protected":false},"author":1,"featured_media":0,"parent":0,"menu_order":15,"comment_status":"closed","ping_status":"closed","template":"","meta":{"footnotes":""},"class_list":["post-696","page","type-page","status-publish","hentry"],"_links":{"self":[{"href":"https:\/\/rpv.shin-test3.net\/de\/wp-json\/wp\/v2\/pages\/696","targetHints":{"allow":["GET"]}}],"collection":[{"href":"https:\/\/rpv.shin-test3.net\/de\/wp-json\/wp\/v2\/pages"}],"about":[{"href":"https:\/\/rpv.shin-test3.net\/de\/wp-json\/wp\/v2\/types\/page"}],"author":[{"embeddable":true,"href":"https:\/\/rpv.shin-test3.net\/de\/wp-json\/wp\/v2\/users\/1"}],"replies":[{"embeddable":true,"href":"https:\/\/rpv.shin-test3.net\/de\/wp-json\/wp\/v2\/comments?post=696"}],"version-history":[{"count":0,"href":"https:\/\/rpv.shin-test3.net\/de\/wp-json\/wp\/v2\/pages\/696\/revisions"}],"wp:attachment":[{"href":"https:\/\/rpv.shin-test3.net\/de\/wp-json\/wp\/v2\/media?parent=696"}],"curies":[{"name":"wp","href":"https:\/\/api.w.org\/{rel}","templated":true}]}}