{"id":8,"date":"2016-01-05T10:27:27","date_gmt":"2016-01-05T01:27:27","guid":{"rendered":"https:\/\/rpv.shin-test3.net\/?page_id=8"},"modified":"2020-11-02T17:57:53","modified_gmt":"2020-11-02T08:57:53","slug":"x-ray-scan","status":"publish","type":"page","link":"https:\/\/rpv.shin-test3.net\/de\/service\/x-ray-scan\/","title":{"rendered":"R\u00f6ntgen-CT-3D-Visualisierungsdienst."},"content":{"rendered":"<section>\n<div class=\"content\">\n<div class=\"service-introduction\">\n<figure class=\"service-introduction__image\">\n<div class=\"youtube\"><iframe loading=\"lazy\" width=\"560\" height=\"315\" src=\"https:\/\/www.youtube.com\/embed\/vjPG97ot970\" frameborder=\"0\" allow=\"accelerometer; autoplay; encrypted-media; gyroscope; picture-in-picture\" allowfullscreen=\"\"><\/iframe><\/div><figcaption>Video \u00fcber Aluminiumr\u00e4der f\u00fcr die Automobilindustrie<\/figcaption><\/figure>\n<div class=\"service-introduction__content\">\n<p>Dabei handelt es sich um eine Analyse, die innere Defekte und Strukturen mit Hilfe der R\u00f6ntgen-CT detailgetreu in 3D sichtbar macht.<br \/>Die Defekte sind nach Volumen farblich gekennzeichnet.<\/p>\n<dl class=\"service-intro-data\">\n<dt>verwenden.<\/dt>\n<dd>\n<ul>\n<li>Qualit\u00e4tsanalyse von Produkten und Prototypen<\/li>\n<li>Abmessungen der inneren Struktur<\/li>\n<\/ul>\n<\/dd>\n<\/dl>\n<p>Daraus lassen sich Tipps und Verbesserungen zur Probleml\u00f6sung ableiten.<\/p>\n<\/p><\/div>\n<\/p><\/div>\n<section class=\"service-part\">\n<header class=\"service-part__header\">\n<div class=\"service-part__subhead\">Beispielvideo<\/div>\n<h3 class=\"service-part__heading\">Ein Beispiel f\u00fcr eine 3D-Visualisierungsanalyse einer Automobilkomponente.<\/h3>\n<\/header>\n<div class=\"movie-list\">\n<div class=\"movie-list__item\">\n<div class=\"movie-list__movie youtube\"><iframe loading=\"lazy\" width=\"300\" height=\"169\" src=\"https:\/\/www.youtube.com\/embed\/i_AHBBIFKWA?rel=0\" frameborder=\"0\" allow=\"accelerometer; autoplay; encrypted-media; gyroscope; picture-in-picture\" allowfullscreen><\/iframe><\/div>\n<div class=\"movie-list__title\">Zylinderblock<\/div>\n<\/p><\/div>\n<div class=\"movie-list__item\">\n<div class=\"movie-list__movie youtube\"><iframe loading=\"lazy\" width=\"300\" height=\"169\" src=\"https:\/\/www.youtube.com\/embed\/DrdA_tyb_OU?rel=0\" frameborder=\"0\" allow=\"accelerometer; autoplay; encrypted-media; gyroscope; picture-in-picture\" allowfullscreen><\/iframe><\/div>\n<div class=\"movie-list__title\">Zylinderkopf<\/div>\n<\/p><\/div>\n<div class=\"movie-list__item\">\n<div class=\"movie-list__movie youtube\"><iframe loading=\"lazy\" width=\"300\" height=\"169\" src=\"https:\/\/www.youtube.com\/embed\/yF9DJWVXAcU?rel=0\" frameborder=\"0\" allow=\"accelerometer; autoplay; encrypted-media; gyroscope; picture-in-picture\" allowfullscreen><\/iframe><\/div>\n<div class=\"movie-list__title\">Bremssattel<\/div>\n<\/p><\/div>\n<\/p><\/div>\n<\/section>\n<section class=\"service-part\">\n<header class=\"service-part__header\">\n<div class=\"service-part__subhead\">ausstellen<\/div>\n<h3 class=\"service-part__heading\">Beispiele f\u00fcr Einreichungen<\/h3>\n<\/header>\n<div class=\"movie-list\">\n<div class=\"movie-list__item\">\n<div class=\"movie-list__movie\"><img class=\"colorbox-8\"  decoding=\"async\" src=\"https:\/\/rpv.shin-test3.net\/assets\/images\/xray_submission01.jpg\" alt=\"\"><\/div>\n<div class=\"movie-list__title\">Tomogramm<\/div>\n<\/p><\/div>\n<div class=\"movie-list__item\">\n<div class=\"movie-list__movie\"><img class=\"colorbox-8\"  decoding=\"async\" src=\"https:\/\/rpv.shin-test3.net\/assets\/images\/xray_submission02.jpg\" alt=\"\"><\/div>\n<div class=\"movie-list__title\">Bild der Leerstandsverteilung<\/div>\n<\/p><\/div>\n<div class=\"movie-list__item\">\n<div class=\"movie-list__movie\"><img class=\"colorbox-8\"  decoding=\"async\" src=\"https:\/\/rpv.shin-test3.net\/assets\/images\/xray_submission03.jpg\" alt=\"\"><\/div>\n<div class=\"movie-list__title\">Leere Volumen und andere Listen<\/div>\n<\/p><\/div>\n<div class=\"movie-list__item\">\n<div class=\"movie-list__movie\"><img class=\"colorbox-8\"  decoding=\"async\" src=\"https:\/\/rpv.shin-test3.net\/assets\/images\/xray_submission04.jpg\" alt=\"\"><\/div>\n<div class=\"movie-list__title\">Video der Leerraumverteilung<\/div>\n<\/p><\/div>\n<div class=\"movie-list__item\">\n<div class=\"movie-list__movie\"><img class=\"colorbox-8\"  decoding=\"async\" src=\"https:\/\/rpv.shin-test3.net\/assets\/images\/xray_submission05.jpg\" alt=\"\"><\/div>\n<div class=\"movie-list__title\">VGL-Datei<\/div>\n<\/p><\/div>\n<div class=\"movie-list__item\">\n<div class=\"movie-list__movie\"><img class=\"colorbox-8\"  decoding=\"async\" src=\"https:\/\/rpv.shin-test3.net\/assets\/images\/xray_submission06.jpg\" alt=\"\"><\/div>\n<div class=\"movie-list__title\">Vergleich beliebiger Formen mit CAD-Zeichnungen.<\/div>\n<\/p><\/div>\n<\/p><\/div>\n<\/section>\n<div class=\"link\" style=\"margin-bottom:80px\"><a href=\"https:\/\/rpv.shin-test3.net\/de\/service\/x-ray-scan\/board\/\"><img class=\"colorbox-8\"  decoding=\"async\" src=\"https:\/\/rpv.shin-test3.net\/de\/assets\/images\/btn_board.png\" srcset=\"https:\/\/rpv.shin-test3.net\/de\/assets\/images\/btn_board.png 1x, https:\/\/rpv.shin-test3.net\/de\/assets\/images\/btn_board@2x.png 2x\" alt=\"\u30d7\u30ea\u30f3\u30c8\u57fa\u677f\u3067\u306e\u5f62\u72b6\u2f50\u8f03\u4e8b\u4f8b\u306f\u3053\u3061\u3089\"><\/a><\/div>\n<figure class=\"single-movie\">\n<div class=\"youtube\"><iframe loading=\"lazy\" width=\"430\" height=\"242\" src=\"https:\/\/www.youtube.com\/embed\/7ctQ4kIiBGM?rel=0&amp;autoplay=1&amp;mute=1&amp;loop=1&amp;playlist=7ctQ4kIiBGM\" frameborder=\"0\" allow=\"accelerometer; autoplay; encrypted-media; gyroscope; picture-in-picture\" allowfullscreen><\/iframe><\/div><figcaption class=\"single-movie__caption\">STL und CAD von Erdl\u00f6chern.<br \/>F\u00fcr die Simulation<\/figcaption><\/figure>\n<\/p><\/div>\n<\/section>\n<div class=\"link\"><a href=\"https:\/\/rpv.shin-test3.net\/de\" class=\"btn\">Zur\u00fcck zur TOP-Seite<\/a><\/div>","protected":false},"excerpt":{"rendered":"<p>\u81ea\u52d5\u8eca\u7528\u30a2\u30eb\u30df\u30db\u30a4\u30fc\u30eb\u306e\u52d5\u753b X\u7ddaCT\u306b\u3088\u308b\u5185\u90e8\u306e\u6b20\u9665\u3084\u69cb\u9020\u30923D\u3067\u5fe0\u5b9f\u306b\u898b\u3048\u308b\u5316\u89e3\u6790\u3067\u3059\u3002\u6b20\u9665\u3092\u4f53\u7a4d\u6bce\u306b\u8272\u5206\u3051\u3057\u3066\u8868\u793a\u3057\u3066\u3044\u307e\u3059\u3002 \u7528\u9014 \u88fd\u54c1\u3084\u8a66\u4f5c\u54c1\u306e\u54c1\u8cea\u89e3\u6790 \u5185\u90e8\u69cb\u9020\u306e\u5bf8\u6cd5\u8a08\u6e2c \u8ab2\u984c\u3092\u89e3\u6c7a\u3059\u308b\u305f\u3081\u306e\u30d2\u30f3\u30c8\u3084\u6539\u5584\u7b56\u3092&#8230;<\/p>","protected":false},"author":1,"featured_media":0,"parent":2,"menu_order":20,"comment_status":"closed","ping_status":"closed","template":"","meta":{"footnotes":""},"class_list":["post-8","page","type-page","status-publish","hentry"],"_links":{"self":[{"href":"https:\/\/rpv.shin-test3.net\/de\/wp-json\/wp\/v2\/pages\/8","targetHints":{"allow":["GET"]}}],"collection":[{"href":"https:\/\/rpv.shin-test3.net\/de\/wp-json\/wp\/v2\/pages"}],"about":[{"href":"https:\/\/rpv.shin-test3.net\/de\/wp-json\/wp\/v2\/types\/page"}],"author":[{"embeddable":true,"href":"https:\/\/rpv.shin-test3.net\/de\/wp-json\/wp\/v2\/users\/1"}],"replies":[{"embeddable":true,"href":"https:\/\/rpv.shin-test3.net\/de\/wp-json\/wp\/v2\/comments?post=8"}],"version-history":[{"count":0,"href":"https:\/\/rpv.shin-test3.net\/de\/wp-json\/wp\/v2\/pages\/8\/revisions"}],"up":[{"embeddable":true,"href":"https:\/\/rpv.shin-test3.net\/de\/wp-json\/wp\/v2\/pages\/2"}],"wp:attachment":[{"href":"https:\/\/rpv.shin-test3.net\/de\/wp-json\/wp\/v2\/media?parent=8"}],"curies":[{"name":"wp","href":"https:\/\/api.w.org\/{rel}","templated":true}]}}