{"id":968,"date":"2018-10-10T14:38:46","date_gmt":"2018-10-10T05:38:46","guid":{"rendered":"https:\/\/rpv.shin-test3.net\/?page_id=968"},"modified":"2021-02-22T21:12:29","modified_gmt":"2021-02-22T12:12:29","slug":"faq","status":"publish","type":"page","link":"https:\/\/rpv.shin-test3.net\/de\/faq\/","title":{"rendered":"\u3088\u304f\u3042\u308b\u3054\u8cea\u554f"},"content":{"rendered":"<section>\n<h2>Liste der Fragen<\/h2>\n<div class=\"content\">\n<p>Wir haben eine Liste mit h\u00e4ufig gestellten Fragen zusammengestellt. Sollten Sie eine Frage haben, die hier nicht aufgef\u00fchrt ist, z\u00f6gern Sie bitte nicht, uns zu kontaktieren.<\/p>\n<div class=\"faq-list\">\n<section class=\"qa\">\n<h3 class=\"qa__question\">Welche Arten von R\u00f6ntgen-Computertomographen hat der RDB und was sind ihre Merkmale?<\/h3>\n<div class=\"qa__answer\">\n<p>Die Typen und Hauptmerkmale unserer R\u00f6ntgen-CT-Scanner sind wie folgt<\/p>\n<p>(1) Mikro-CT-Scanner, Sonderanfertigung (230 KV): hergestellt von Toshiba IT Control Systems<br \/>16-Zoll-Flachbilddetektor (FPD): r\u00e4umliche Aufl\u00f6sung: 5 \u00b5m (Matrixgr\u00f6\u00dfe = 1024 Pixel)<br \/>Einscannbares Muster: Gr\u00f6\u00dfe \u03a6500 x H700 mm Gewicht: bis zu 20 kg<br \/>Eigenschaften: geeignet f\u00fcr die Extraktion von feinen Defekten.<br \/>Kann f\u00fcr gro\u00dfe Proben verwendet werden.<br \/>Es kann die Geometrie von Proben aus Gummi oder Harz und relativ kleinen Proben scannen.<\/p>\n<p>(ii) Industrieller CT-Scanner, Sonderbestellung (450 KV): hergestellt von Toshiba IT Control Systems<br \/>MFPs mit Zeilensensoren und 16-Zoll-Flachbilddetektoren (FPDs).<br \/>Zeilensensoren: r\u00e4umliche Aufl\u00f6sung: 200 \u00b5m.<br \/>FPD: R\u00e4umliche Aufl\u00f6sung: 200 \u00b5m (Matrixgr\u00f6\u00dfe = 1024 Pixel).<br \/>Einscannbares Muster: Gr\u00f6\u00dfe \u03a6600 x H800 mm Gewicht: bis zu 100 kg<br \/>Merkmale: geeignet zum Scannen von Metall und gro\u00dfen Probengeometrien.<br \/>Es kann auch f\u00fcr Proben verwendet werden, die vom 230-KV-Mikro-CT nicht durchdrungen werden k\u00f6nnen.<\/p>\n<\/p><\/div>\n<\/section>\n<section class=\"qa\">\n<h3 class=\"qa__question\">Welches sind die effektivsten Anwendungen?<\/h3>\n<div class=\"qa__answer\">\n<p>(i) Ich m\u00f6chte ein 3D-Modell, das die innere Struktur getreu wiedergibt und f\u00fcr Computersimulationen verwendet werden kann.<br \/>Hochaufl\u00f6sende 3D-Modelle werden mit Hilfe geeigneter CT-Scanner erstellt.<br \/>Au\u00dferdem werden 3D-Modelle erstellt, die interne Defekte wiedergeben und auf einem 3D-Drucker ausgegeben und f\u00fcr die Defektanalyse verwendet werden k\u00f6nnen.<\/p>\n<p>(ii) Ich m\u00f6chte Daten, die interne Defekte in leicht verst\u00e4ndlichem 3D darstellen.<br \/>3D-Videos und detaillierte Berichte liefern auf einen Blick Daten \u00fcber die Lage und Verteilung von Fehlern.<\/p>\n<p>(iii) Das Unternehmen verf\u00fcgt \u00fcber einen unternehmenseigenen KV, muss aber lange warten, bis es an der Reihe ist.<br \/>Bei internen Qualit\u00e4tsbeobachtungen werden die Daten in der Regel innerhalb von drei Tagen nach Eingang der Probe erstellt.<br \/>Beim Reverse Engineering dauert es etwa f\u00fcnf Arbeitstage bis zum STL und vier Wochen bis zum CAD.<br \/>F\u00fcr weitere Informationen wenden Sie sich bitte an.<\/p>\n<p>(iv) Wir haben CTs im Haus, aber wir haben keine Zeit, uns mit der 3D-Erstellung und -Analyse zu besch\u00e4ftigen.<br \/>Auch reine 3D-Modellierungs- und Analyseauftr\u00e4ge sind m\u00f6glich.<\/p>\n<p>(v) Ich plane, in Zukunft einen CT zu kaufen und m\u00f6chte wissen, was ein CT leisten kann. Au\u00dferdem m\u00f6chten sie wissen, welche Art und Konfiguration von Stromwandlern f\u00fcr den Zweck, f\u00fcr den sie sie kaufen, geeignet ist.<br \/>Vor dem Kauf eines Stromwandlers werden den Kunden Referenzdaten zur Verf\u00fcgung gestellt, die ihren Bed\u00fcrfnissen und dem Potenzial des Stromwandlers, den sie kaufen wollen, entsprechen.<\/p>\n<p>(vi) Andere Ich m\u00f6chte untersuchen, ob ein konkurrierendes Produkt eines anderen Unternehmens ein Patent verletzt. Ein Lieferant, an den Sie ein Produkt geliefert haben, hat eine Forderung gestellt, aber Sie wollen Ihren Namen reinwaschen.<br \/>Nach der Durchf\u00fchrung gr\u00fcndlicher Befragungen werden klare, sachliche Daten erstellt.<\/p>\n<\/p><\/div>\n<\/section>\n<section class=\"qa\">\n<h3 class=\"qa__question\">Ich bin nicht sicher, ob das R\u00f6ntgen-CT scannbar ist.<\/h3>\n<div class=\"qa__answer\">\n<p>Bitte senden Sie per E-Mail so viele Informationen wie m\u00f6glich \u00fcber das zu scannende Muster, einschlie\u00dflich Abmessungen, Material, Fotos usw. Der RPV antwortet, sobald die Informationen eingegangen sind, und kann auch einen kostenlosen Probescan anbieten, wenn der Scan zu empfindlich ist oder wenn wir das Bild mit dem Bild des Auftraggebers abgleichen m\u00fcssen. Nach Pr\u00fcfung der Daten k\u00f6nnen Sie entscheiden, ob Sie einen Auftrag erteilen m\u00f6chten oder nicht.<\/p>\n<\/p><\/div>\n<\/section>\n<section class=\"qa\">\n<h3 class=\"qa__question\">Welche Materialien k\u00f6nnen gescannt werden?<\/h3>\n<div class=\"qa__answer\">\n<p>Materialien, die leicht von R\u00f6ntgenstrahlen durchdrungen werden k\u00f6nnen, sind gut daf\u00fcr geeignet, w\u00e4hrend Materialien, die schwer zu durchdringen sind, schlecht daf\u00fcr geeignet sind.<\/p>\n<p>(1) Spezielle Materialien: Gummi, Harz, Aluminium usw.<\/p>\n<p>(ii) Schlechte Materialien: Blei, Eisen, Kupfer, Titan usw. (m\u00f6glich, wenn der R\u00f6ntgendurchgangsabstand innerhalb von 30 mm liegt).<br \/>Wenden Sie sich an uns, wenn es sich um Eisen, Kupfer usw. handelt, die f\u00fcr R\u00f6ntgenstrahlen schwer zu durchdringen sind (Abstand von 30 mm oder mehr f\u00fcr die Durchdringung von R\u00f6ntgenstrahlen).<br \/>Es ist auch m\u00f6glich, eine Kombination der oben genannten verschiedenen Materialien zu scannen, wie z. B. Harz und Stahl, und es ist m\u00f6glich, die Daten in Segmenten zu isolieren.<\/p>\n<\/p><\/div>\n<\/section>\n<section class=\"qa\">\n<h3 class=\"qa__question\">Welche Gr\u00f6\u00dfe von Material kann gescannt werden?<\/h3>\n<div class=\"qa__answer\">\n<p>(i) 230kv Mikro-CT.<br \/>Abtastbereich: \u00f8 500 mm, H = 700 mm (H = ca. 900 mm bei vertikalem Aufbau)<\/p>\n<p>(ii) 450KV-Stromwandler mit hoher Leistung<br \/>Abtastbereich: \u00f8 600 mm, H = 600 mm (H = ca. 900 mm bei vertikalem Aufbau)<\/p>\n<\/p><\/div>\n<\/section>\n<section class=\"qa\">\n<h3 class=\"qa__question\">Wie genau ist sie?<\/h3>\n<div class=\"qa__answer\">\n<p>Die Genauigkeit h\u00e4ngt von der Aufl\u00f6sung des R\u00f6ntgen-CT-Scanners und der Gr\u00f6\u00dfe der zu scannenden Probe ab.<br \/>Die Aufl\u00f6sung unserer R\u00f6ntgen-CT-Scanner ist wie folgt.<\/p>\n<p>(1) Mikro-CT-Scanner (230 KV)<br \/>FPD: R\u00e4umliche Aufl\u00f6sung: 5 \u00b5m (Matrixgr\u00f6\u00dfe = 1024 Pixel)<\/p>\n<p>Als Richtwert gilt beispielsweise, dass die theoretische Genauigkeit einer 20 cm gro\u00dfen Probe beim Scannen mit einem 230 KV-Mikro-CT 200 mm \u00f7 1024 \u2248 0,2 mm\/1 Pixel betr\u00e4gt.<\/p>\n<p>(ii) Industrieller CT-Scanner (450 KV) Hochleistungs- CT<br \/>Zeilensensor: r\u00e4umliche Aufl\u00f6sung: 200 \u00b5m.<br \/>FPD: R\u00e4umliche Aufl\u00f6sung: 200 \u00b5m.<\/p>\n<\/p><\/div>\n<\/section>\n<section class=\"qa\">\n<h3 class=\"qa__question\">F\u00fcr welche Anwendungen kann es verwendet werden?<\/h3>\n<div class=\"qa__answer\">\n<p>1. Erstellung von 3D-Daten (STL-Format), die die innere Struktur wiedergeben<br \/>(i) Reverse Engineering von Automobilteilen (3D-Modellierung f\u00fcr CAE).<br \/>(ii) Formvergleich in 3D mit CAD-Zeichnungen.<br \/>(iii) Erstellung von Daten f\u00fcr die Modellierung mit einem 3D-Drucker.<\/p>\n<p>2. Fehler (H\u00f6hlen, Risse usw.) in drei Dimensionen zu erkennen<br \/>(i) Interne Qualit\u00e4tsbewertung von Aluminiumdruckgussst\u00fccken und anderen Komponenten.<br \/>(ii) Beobachtung der Fehlerentfernung und des Eindringens von Schwei\u00dfn\u00e4hten.<\/p>\n<\/p><\/div>\n<\/section>\n<section class=\"qa\">\n<h3 class=\"qa__question\">Welche Daten werde ich erhalten?<\/h3>\n<div class=\"qa__answer\">\n<p>Alle Querschnittsbilder in X.Y.Z-Richtung<br \/>Video (RPV-Bearbeitung)<br \/>Analyseberichte (Fehlerextraktion und -volumen usw.)<br \/>STL-Daten (nur Konvertierung von CT-Daten)<\/p>\n<p>Weitere Informationen finden Sie auf der Seite \u201cDienstleistungen\u201d und unter \u201cBeispiele f\u00fcr das Herunterladen von lieferbaren Daten\u201d.<br \/>F\u00fcr STL-Daten \u2192 CAD-Konvertierung fallen zus\u00e4tzliche Kosten an.<\/p>\n<\/p><\/div>\n<\/section>\n<section class=\"qa\">\n<h3 class=\"qa__question\">Welches Format haben die CAD-Daten f\u00fcr die im RDB zu hinterlegenden Messungen?<\/h3>\n<div class=\"qa__answer\">\n<p>Bitte verwenden Sie das STL-, IGES- oder STEP-Format.<br \/>Die erhaltenen Daten werden unmittelbar nach Abschluss der Arbeiten zur\u00fcckgegeben und nicht intern aufbewahrt.<\/p>\n<\/p><\/div>\n<\/section>\n<section class=\"qa\">\n<h3 class=\"qa__question\">Kann ich nur Analyse, 3D-Modellierung und CAD anfordern?<\/h3>\n<div class=\"qa__answer\">\n<p>Ja, wenn Sie die CT-Daten haben, k\u00f6nnen wir auch 3D-Fehleranalysen und 3D-Modellierung anbieten. Nat\u00fcrlich k\u00f6nnen wir auch nur CAD anbieten.<\/p>\n<\/p><\/div>\n<\/section>\n<section class=\"qa\">\n<h3 class=\"qa__question\">Kann ich die Einzelheiten mit Ihnen besprechen?<\/h3>\n<div class=\"qa__answer\">\n<p>\u5f0a\u793e\u306e\u6280\u8853\u55b6\u696d\u304c\u5b9a\u671f\u7684\u306b\u95a2\u6771\u5730\u533a\u304b\u3089\u95a2\u897f\u5730\u533a\u307e\u3067\u8db3\u3092\u904b\u3093\u3067\u304a\u308a\u307e\u3059\u306e\u3067\u3001<br \/>\n\u5e0c\u671b\u306e\u65e5\u6642\u3092\u8abf\u6574\u306e\u3046\u3048\u8a2a\u554f\u3067\u306e\u6253\u3061\u5408\u308f\u305b\u3082\u53ef\u80fd\u3067\u3059\u3002<br \/>Die H\u00e4ufigkeit der Besuche liegt sowohl in der Region Kanto als auch in der Region Kansai bei etwa zwei Mal pro Monat.<\/p>\n<\/p><\/div>\n<\/section>\n<section class=\"qa\">\n<h3 class=\"qa__question\">Kann ich den RDB besuchen und erleben?<\/h3>\n<div class=\"qa__answer\">\n<p>Wir k\u00f6nnen auch vereinbaren, dass Sie f\u00fcr die Analyse und Datenaufbereitung vor Ort in unser Unternehmen kommen.<br \/>Die CT-Untersuchung nimmt eine gewisse Zeit in Anspruch. Wenn Sie Ihre Proben im Voraus einschicken, m\u00fcssen Sie nicht warten, um anwesend zu sein.<\/p>\n<\/p><\/div>\n<\/section>\n<section class=\"qa\">\n<h3 class=\"qa__question\">K\u00f6nnen gescannte 3D-Modelle als Baupl\u00e4ne verwendet werden?<\/h3>\n<div class=\"qa__answer\">\n<p>Gescannte 3D-Modelle enthalten Produkttoleranzen. Auch bei der Konvertierung der Daten treten Fehler auf, so dass sie nicht als Blaupausen f\u00fcr die Herstellung von Produkten geeignet sind. Wenn sie als Blaupausen verwendet werden sollen, m\u00fcssen sie von einem Fachingenieur korrigiert oder erg\u00e4nzt werden.<\/p>\n<\/p><\/div>\n<\/section>\n<section class=\"qa\">\n<h3 class=\"qa__question\">Gibt es eine Mietunterst\u00fctzung f\u00fcr CT-Ger\u00e4te?<\/h3>\n<div class=\"qa__answer\">\n<p>Der Verleih von CT-Ger\u00e4ten wird leider nicht unterst\u00fctzt.<\/p>\n<\/p><\/div>\n<\/section><\/div>\n<\/p><\/div>\n<\/section>","protected":false},"excerpt":{"rendered":"<p>\u8cea\u554f\u4e00\u89a7 \u3088\u304f\u3042\u308b\u3054\u8cea\u554f\u3092\u30ea\u30b9\u30c8\u306b\u307e\u3068\u3081\u307e\u3057\u305f\u3002\u4e0b\u8a18\u306b\u8a18\u8f09\u306e\u306a\u3044\u3054\u8cea\u554f\u306b\u95a2\u3057\u3066\u3082\u304a\u6c17\u8efd\u306b\u304a\u554f\u3044\u5408\u308f\u305b\u304f\u3060\u3055\u3044\u3002 RPV\u304c\u6240\u6709\u3059\u308b\u2169\u7ddaCT\u306e\u7a2e\u985e\u3068\u7279\u9577\u306f\uff1f \u5f0a\u793e\u6240\u6709\u306e\u2169\u7ddaCT\u30b9\u30ad\u30e3\u30ca\u306e\u7a2e\u985e\u3068\u4e3b\u306a\u7279\u5fb4\u306f\u4ee5\u4e0b\u306e\u3068\u304a\u308a\u3067\u3059\u3002 \u2460&#8230;<\/p>","protected":false},"author":1,"featured_media":0,"parent":0,"menu_order":22,"comment_status":"closed","ping_status":"closed","template":"","meta":{"footnotes":""},"class_list":["post-968","page","type-page","status-publish","hentry"],"_links":{"self":[{"href":"https:\/\/rpv.shin-test3.net\/de\/wp-json\/wp\/v2\/pages\/968","targetHints":{"allow":["GET"]}}],"collection":[{"href":"https:\/\/rpv.shin-test3.net\/de\/wp-json\/wp\/v2\/pages"}],"about":[{"href":"https:\/\/rpv.shin-test3.net\/de\/wp-json\/wp\/v2\/types\/page"}],"author":[{"embeddable":true,"href":"https:\/\/rpv.shin-test3.net\/de\/wp-json\/wp\/v2\/users\/1"}],"replies":[{"embeddable":true,"href":"https:\/\/rpv.shin-test3.net\/de\/wp-json\/wp\/v2\/comments?post=968"}],"version-history":[{"count":0,"href":"https:\/\/rpv.shin-test3.net\/de\/wp-json\/wp\/v2\/pages\/968\/revisions"}],"wp:attachment":[{"href":"https:\/\/rpv.shin-test3.net\/de\/wp-json\/wp\/v2\/media?parent=968"}],"curies":[{"name":"wp","href":"https:\/\/api.w.org\/{rel}","templated":true}]}}